{"id":244743,"date":"2024-11-05T13:41:55","date_gmt":"2024-11-05T11:41:55","guid":{"rendered":"https:\/\/juwelier-wagner.at\/?page_id=244743"},"modified":"2025-03-04T15:17:18","modified_gmt":"2025-03-04T13:17:18","slug":"rolex-the-us-open","status":"publish","type":"page","link":"https:\/\/dev.juwelier-wagner.at\/en\/rolex\/rolex-the-us-open\/","title":{"rendered":"Rolex &amp; the US Open"},"content":{"rendered":"\n<div class=\"inline-block w-full\" style=\"background-color: #F9F7F4\">\n  <div class=\"acf-innerblocks-container\">\n\n<div class=\"rolex-grid my-rolex\">\n  <div class=\"col-span-6 rolex-v7-tablet:col-span-8 rolex-v7-tablet:col-start-3 rolex-v7-desktop:col-start-4 rolex-v7-desktop:col-span-6\">\n          <h1 class=\"rolex-headline-50 text-rolex-brown\">Rolex &#038; the US Open<\/h1>\n              <div class=\"text-black rolex-headline-30 mt-5\">\n        The US Open is the final Grand Slam\u00ae tournament of the tennis season. As a privileged partner of the sport worldwide for almost 50 years, Rolex has been the event\u2019s Official Timekeeper since 2018.      <\/div>\n              <div class=\"rolex-body-20-bold mt-5\">\n        Published on November 5th, 2024      <\/div>\n      <\/div>\n<\/div>\n\n\n<div class=\"my-rolex\">\n  <div class=\"rolex-grid\">\n    <div class=\"col-span-12 rolex-v7-mobile:col-span-6 aspect-video\">\n              <div class=\"relative w-full h-full group bg-rolex-grey [&#038;_iframe]:max-w-full [&#038;_iframe]:w-full [&#038;_iframe]:h-full\">\n          <iframe loading=\"lazy\" width=\"560\" height=\"315\" src=\"https:\/\/www.youtube.com\/embed\/s0NAUEmsVCw?si=jOttoFIFEWpQOMk3\" title=\"YouTube video player\" frameborder=\"0\" allow=\"accelerometer; autoplay; clipboard-write; encrypted-media; gyroscope; picture-in-picture; web-share\" referrerpolicy=\"strict-origin-when-cross-origin\" allowfullscreen><\/iframe>        <\/div>\n          <\/div>\n  <\/div>\n<\/div>\n\n\n<div class=\"rolex-grid my-rolex\">\n  <div class=\"col-span-6 rolex-v7-tablet:col-span-8 rolex-v7-tablet:col-start-3 rolex-v7-desktop:col-start-4 rolex-v7-desktop:col-span-6\">\n              <div class=\"text-black rolex-body-20-light \">\n        Inaugurated in 1881, this tournament has been played on the hard surface at the USTA Billie Jean King National Tennis Center in Flushing Meadows, New York, since 1978. Among its 17 competition courts is the showpiece arena, Arthur Ashe Stadium, with a seating capacity close to 23,800, the largest in the sport worldwide.      <\/div>\n          <\/div>\n<\/div>\n\n<div class=\"\">\n  <div class=\"\">\n    <picture class=\"\">\n      <source media=\"(max-width: 767px)\" srcset=\"\/rolexv7-assets\/world-of-rolex-hub-page-assets\/usopen-portrait\/rolex_uso23jb_4234-r_portrait.jpg\" \/>\n      <source media=\"(min-width: 768px)\" srcset=\"\/rolexv7-assets\/world-of-rolex-hub-page-assets\/usopen-landscape\/rolex_uso23jb_4234-r_landscape.jpg\" \/>\n      <img decoding=\"async\" src=\"\/rolexv7-assets\/world-of-rolex-hub-page-assets\/usopen-landscape\/rolex_uso23jb_4234-r_landscape.jpg\" class=\"w-full h-auto\" alt=\"Rolex and the US Open - by Juwelier Wagner\" \/>\n    <\/picture>\n  <\/div>\n<\/div>\n\n\n<div class=\"rolex-grid my-rolex\">\n  <div class=\"col-span-6 rolex-v7-tablet:col-span-8 rolex-v7-tablet:col-start-3 rolex-v7-desktop:col-start-4 rolex-v7-desktop:col-span-6\">\n          <div class=\"rolex-headline-50 text-rolex-brown\">A fusion of energy<\/div>\n              <div class=\"text-black rolex-body-20-light mt-5\">\n        The US Open is known for its electric ambience, a reflection of New York itself, \u201cthe city that never sleeps\u201d. At this vibrant, dynamic event, the action also unfolds in the stands, where spectators are not afraid to give voice to their excitement. During matches, the energy emanating from the fans, the court and the city converge to galvanize the players.      <\/div>\n          <\/div>\n<\/div>\n\n<div class=\"my-rolex\">\n  <div class=\"rolex-grid\">\n    <picture class=\"col-span-10 rolex-v7-mobile:col-span-6 rolex-v7-desktop:col-start-2 rolex-v7-tablet:col-start-2\">\n      <source media=\"(max-width: 767px)\" srcset=\"\/rolexv7-assets\/world-of-rolex-hub-page-assets\/usopen-portrait\/rolex_uso23jb_0755-uso23jb_4520_portrait.png\" \/>\n      <source media=\"(min-width: 768px)\" srcset=\"\/rolexv7-assets\/world-of-rolex-hub-page-assets\/usopen-landscape\/rolex_uso23jb_0755-uso23jb_4520_landscape.png\" \/>\n      <img decoding=\"async\" src=\"\/rolexv7-assets\/world-of-rolex-hub-page-assets\/usopen-landscape\/rolex_uso23jb_0755-uso23jb_4520_landscape.png\" class=\"w-full h-auto\" alt=\"Rolex and the US Open - by Juwelier Wagner\" \/>\n    <\/picture>\n  <\/div>\n<\/div>\n\n\n<div class=\"rolex-grid my-rolex\">\n  <div class=\"col-span-6 rolex-v7-tablet:col-span-8 rolex-v7-tablet:col-start-3 rolex-v7-desktop:col-start-4 rolex-v7-desktop:col-span-6\">\n          <div class=\"rolex-headline-50 text-rolex-brown\">Rolex Testimonees and the US Open<\/div>\n              <div class=\"text-black rolex-body-20-light mt-5\">\n        Amid this electric atmosphere, matches at this Grand Slam\u00ae tournament have become the stuff of legend. The five consecutive titles Roger Federer won from 2004 to 2008 are etched in memory.<br><br>\r\nAmong its other tennis Testimonees, Rolex counts a host of fellow US Open winners, namely: Rod Laver, Chris Evert, Stefan Edberg, Pat Rafter, Justine Henin, Juan Mart\u00edn del Potro, Angelique Kerber, Sloane Stephens, Bianca Andreescu and Dominic Thiem. In 2022, Iga \u015awi\u0105tek and Carlos Alcaraz added their names to this impressive list, with Coco Gauff following suit the next year.<br><br>\r\nThey all embody technical precision and the quest to become a better version of oneself.\r\n      <\/div>\n          <\/div>\n<\/div>\n\n<div class=\"my-rolex\">\n  <div class=\"rolex-grid\">\n    <picture class=\"col-span-10 rolex-v7-mobile:col-span-6 rolex-v7-desktop:col-start-2 rolex-v7-tablet:col-start-2\">\n      <source media=\"(max-width: 767px)\" srcset=\"\/rolexv7-assets\/world-of-rolex-hub-page-assets\/usopen-portrait\/rolex_gettyimages-94889550-uso22bs_1292_portrait.png\" \/>\n      <source media=\"(min-width: 768px)\" srcset=\"\/rolexv7-assets\/world-of-rolex-hub-page-assets\/usopen-landscape\/rolex_gettyimages-94889550-uso22bs_1292_landscape.png\" \/>\n      <img decoding=\"async\" src=\"\/rolexv7-assets\/world-of-rolex-hub-page-assets\/usopen-landscape\/rolex_gettyimages-94889550-uso22bs_1292_landscape.png\" class=\"w-full h-auto\" alt=\"Rolex and the US Open - by Juwelier Wagner\" \/>\n    <\/picture>\n  <\/div>\n<\/div>\n\n\n<div class=\"rolex-grid my-rolex\">\n  <div class=\"col-span-6 rolex-v7-tablet:col-span-8 rolex-v7-tablet:col-start-3 rolex-v7-desktop:col-start-4 rolex-v7-desktop:col-span-6\">\n          <div class=\"rolex-headline-50 text-rolex-brown\">The tournament of trailblazers<\/div>\n              <div class=\"text-black rolex-body-20-light mt-5\">\n        The US Open is fertile ground for innovation in tennis. From introducing the tiebreak and scheduling games at night, to implementing Hawk-Eye Live \u2013 a digital refereeing system that makes line calls immediately \u2013 every effort is made to ensure the tournament remains as compelling as ever.\r\n      <\/div>\n          <\/div>\n<\/div>\n\n<div class=\"my-rolex\">\n  <div class=\"rolex-grid\">\n    <picture class=\"col-span-6 rolex-v7-mobile:col-span-6 rolex-v7-desktop:col-start-4 rolex-v7-tablet:col-start-4\">\n      <source media=\"(max-width: 767px)\" srcset=\"\/rolexv7-assets\/world-of-rolex-hub-page-assets\/usopen-portrait\/rolex_gettyimages-514703586_r_portrait.jpg\" \/>\n      <source media=\"(min-width: 768px)\" srcset=\"\/rolexv7-assets\/world-of-rolex-hub-page-assets\/usopen-landscape\/rolex_gettyimages-514703586_r_landscape.jpg\" \/>\n      <img decoding=\"async\" src=\"\/rolexv7-assets\/world-of-rolex-hub-page-assets\/usopen-landscape\/rolex_gettyimages-514703586_r_landscape.jpg\" class=\"w-full h-auto\" alt=\"Rolex and the US Open - by Juwelier Wagner\" \/>\n    <\/picture>\n  <\/div>\n<\/div>\n\n\n<div class=\"rolex-grid my-rolex\">\n  <div class=\"col-span-6 rolex-v7-tablet:col-span-8 rolex-v7-tablet:col-start-3 rolex-v7-desktop:col-start-4 rolex-v7-desktop:col-span-6\">\n          <div class=\"rolex-headline-50 text-rolex-brown\">Rolex and tennis: partners for almost 50 years<\/div>\n              <div class=\"text-black rolex-body-20-light mt-5\">\n        Since Rolex first partnered with The Championships, Wimbledon, in 1978, the brand has enjoyed a privileged relationship with tennis, one founded on a shared philosophy: the perpetual quest for excellence, a passion for precision and innovation, the elegance of movement, unwavering effort, a respect for tradition and the drive to always push beyond personal limits.      <\/div>\n          <\/div>\n<\/div>\n<\/div>\n<\/div>\n\n<div class=\"\">\n  <div class=\"\">\n    <picture class=\"\">\n      <source media=\"(max-width: 767px)\" srcset=\"\/rolexv7-assets\/world-of-rolex-hub-page-assets\/usopen-portrait\/rolex_uso23jj_3026_portrait.jpg\" \/>\n      <source media=\"(min-width: 768px)\" srcset=\"\/rolexv7-assets\/world-of-rolex-hub-page-assets\/usopen-landscape\/rolex_uso23jj_3026_landscape.jpg\" \/>\n      <img decoding=\"async\" src=\"\/rolexv7-assets\/world-of-rolex-hub-page-assets\/usopen-landscape\/rolex_uso23jj_3026_landscape.jpg\" class=\"w-full h-auto\" alt=\"Rolex and the US Open - by Juwelier Wagner\" \/>\n    <\/picture>\n  <\/div>\n<\/div>\n\n\n<div class=\"inline-block w-full\" style=\"background-color: #F9F7F4\">\n  <div class=\"acf-innerblocks-container\">\n\n<div class=\"rolex-grid my-rolex\">\n  <div class=\"col-span-6 rolex-v7-tablet:col-span-8 rolex-v7-tablet:col-start-3 rolex-v7-desktop:col-start-4 rolex-v7-desktop:col-span-6\">\n              <div class=\"text-black rolex-body-20-light \">\n        Over the years, Rolex has extended its involvement in the sport, becoming the Premium Partner of world tennis in both the men\u2019s and women\u2019s game.<br><br>\r\nThe brand supports most of the major competitions, including the four Grand Slam\u00ae tournaments, the season-ending ATP and WTA Finals, all of the high-status ATP Masters 1000 tournaments and nine of the WTA 1000 events, as well as the premier international team contests, the Davis Cup Finals and the Laver Cup.      <\/div>\n          <\/div>\n<\/div>\n\n<div class=\"my-rolex\">\n  <div class=\"rolex-grid\">\n    <picture class=\"col-span-6 rolex-v7-mobile:col-span-6 rolex-v7-desktop:col-start-4 rolex-v7-tablet:col-start-4\">\n      <source media=\"(max-width: 767px)\" srcset=\"\/rolexv7-assets\/world-of-rolex-hub-page-assets\/usopen-portrait\/rolex_uso21jj_2438_portrait.jpg\" \/>\n      <source media=\"(min-width: 768px)\" srcset=\"\/rolexv7-assets\/world-of-rolex-hub-page-assets\/usopen-landscape\/rolex_uso21jj_2438_landscape.jpg\" \/>\n      <img decoding=\"async\" src=\"\/rolexv7-assets\/world-of-rolex-hub-page-assets\/usopen-landscape\/rolex_uso21jj_2438_landscape.jpg\" class=\"w-full h-auto\" alt=\"Rolex and the US Open - by Juwelier Wagner\" \/>\n    <\/picture>\n  <\/div>\n<\/div>\n\n\n  <div class=\"my-rolex\">\n        <div class=\"rolex-grid\">\n              <a href=\"\/en\/rolex\/watches\/datejust\/\" class=\"col-span-12 rolex-v7-mobile:col-span-6 group\">\n          <div class=\"mb-2.5 overflow-hidden\">\n            <picture>\n              <source media=\"(max-width: 767px)\" srcset=\"\/rolexv7-assets\/world-of-rolex-hub-page-assets\/usopen-portrait\/rolex-collection_banner-datejust-m126234-0051_2210jva_001-portrait.jpg\" \/>\n              <source media=\"(min-width: 768px)\" srcset=\"\/rolexv7-assets\/world-of-rolex-hub-page-assets\/usopen-landscape\/rolex-collection_banner-datejust-m126234-0051_2210jva_001.jpg\" \/>\n              <img srcset=\"\/rolexv7-assets\/world-of-rolex-hub-page-assets\/usopen-landscape\/rolex-collection_banner-datejust-m126234-0051_2210jva_001.jpg\" class=\"object-cover w-full transition-transform duration-700 ease-out group-hover:scale-110\" alt=\"Rolex Datejust\" \/>\n            <\/picture>\n          <\/div>\n          <div class=\"w-full rolex-v7-tablet:w-[75%] rolex-v7-desktop:w-1\/2\">\n                          <span class=\"rolex-fixed-16 text-rolex-brown\">Rolex Datejust<\/span>\n                                      <div class=\"rolex-headline-36 text-rolex-brown\">Make a date of a day<\/div>\n                                                  <div class=\"mt-2.5\">\n                <span class=\"transition-colors rolex-cta--secondary group-hover:text-rolex-brown\">\n                  Learn more                  <svg version=\"1.1\" id=\"Calque_1\" xmlns=\"http:\/\/www.w3.org\/2000\/svg\" xmlns:xlink=\"http:\/\/www.w3.org\/1999\/xlink\" x=\"0px\" y=\"0px\" viewBox=\"0 0 15 15\" style=\"enable-background: new 0 0 15 15\" xml:space=\"preserve\">\n                    <path class=\"st0\" d=\"M12,7.5l-1.3,1.4L4.6,15l-1.5-1.5l6.1-6.1L3,1.4L4.5,0l6.1,6.1l0,0L12,7.5z\" fill=\"currentColor\" \/>\n                  <\/svg>\n                <\/span>\n              <\/div>\n                      <\/div>\n        <\/a>\n          <\/div>\n  <\/div>\n\n\n\n<\/div>\n<\/div>","protected":false},"excerpt":{"rendered":"","protected":false},"author":8,"featured_media":0,"parent":32280,"menu_order":0,"comment_status":"closed","ping_status":"closed","template":"page-templates\/rolex-v7-static-page.php","meta":{"footnotes":""},"class_list":["post-244743","page","type-page","status-publish","hentry"],"acf":[],"yoast_head":"<!-- This site is optimized with the Yoast SEO plugin v24.1 - https:\/\/yoast.com\/wordpress\/plugins\/seo\/ -->\n<title>Rolex &amp; the US Open | Juwelier Wagner<\/title>\n<meta name=\"description\" content=\"Discover Rolex &amp; the US Open. Stay up-to-date with the latest Rolex news | Juwelier Wagner.\" \/>\n<meta name=\"robots\" content=\"noindex, follow, max-snippet:-1, max-image-preview:large, max-video-preview:-1\" \/>\n<meta property=\"og:locale\" content=\"en_US\" \/>\n<meta property=\"og:title\" content=\"Rolex &amp; the US Open | Juwelier Wagner\" \/>\n<meta property=\"og:description\" content=\"Discover Rolex &amp; the US Open. Stay up-to-date with the latest Rolex news | Juwelier Wagner.\" \/>\n<meta property=\"og:url\" content=\"https:\/\/dev.juwelier-wagner.at\/en\/rolex\/rolex-the-us-open\/\" \/>\n<meta property=\"og:site_name\" content=\"Juwelier Wagner\" \/>\n<meta property=\"article:publisher\" content=\"https:\/\/facebook.com\/juwelierwagnervienna\" \/>\n<meta property=\"article:modified_time\" content=\"2025-03-04T13:17:18+00:00\" \/>\n<meta name=\"twitter:card\" content=\"summary_large_image\" \/>\n<script type=\"application\/ld+json\" class=\"yoast-schema-graph\">{\"@context\":\"https:\/\/schema.org\",\"@graph\":[{\"@type\":\"WebPage\",\"@id\":\"https:\/\/dev.juwelier-wagner.at\/en\/rolex\/rolex-the-us-open\/\",\"url\":\"https:\/\/dev.juwelier-wagner.at\/en\/rolex\/rolex-the-us-open\/\",\"name\":\"Rolex &amp; the US Open | Juwelier Wagner\",\"isPartOf\":{\"@id\":\"https:\/\/dev.juwelier-wagner.at\/en\/#website\"},\"datePublished\":\"2024-11-05T11:41:55+00:00\",\"dateModified\":\"2025-03-04T13:17:18+00:00\",\"description\":\"Discover Rolex & the US Open. Stay up-to-date with the latest Rolex news | Juwelier Wagner.\",\"breadcrumb\":{\"@id\":\"https:\/\/dev.juwelier-wagner.at\/en\/rolex\/rolex-the-us-open\/#breadcrumb\"},\"inLanguage\":\"en-US\",\"potentialAction\":[{\"@type\":\"ReadAction\",\"target\":[\"https:\/\/dev.juwelier-wagner.at\/en\/rolex\/rolex-the-us-open\/\"]}]},{\"@type\":\"BreadcrumbList\",\"@id\":\"https:\/\/dev.juwelier-wagner.at\/en\/rolex\/rolex-the-us-open\/#breadcrumb\",\"itemListElement\":[{\"@type\":\"ListItem\",\"position\":1,\"name\":\"Home\",\"item\":\"https:\/\/dev.juwelier-wagner.at\/en\/\"},{\"@type\":\"ListItem\",\"position\":2,\"name\":\"Rolex\",\"item\":\"https:\/\/dev.juwelier-wagner.at\/en\/rolex\/\"},{\"@type\":\"ListItem\",\"position\":3,\"name\":\"Rolex &amp; the US Open\"}]},{\"@type\":\"WebSite\",\"@id\":\"https:\/\/dev.juwelier-wagner.at\/en\/#website\",\"url\":\"https:\/\/dev.juwelier-wagner.at\/en\/\",\"name\":\"Juwelier Wagner\",\"description\":\"\",\"potentialAction\":[{\"@type\":\"SearchAction\",\"target\":{\"@type\":\"EntryPoint\",\"urlTemplate\":\"https:\/\/dev.juwelier-wagner.at\/en\/?s={search_term_string}\"},\"query-input\":{\"@type\":\"PropertyValueSpecification\",\"valueRequired\":true,\"valueName\":\"search_term_string\"}}],\"inLanguage\":\"en-US\"}]}<\/script>\n<!-- \/ Yoast SEO plugin. -->","yoast_head_json":{"title":"Rolex &amp; the US Open | Juwelier Wagner","description":"Discover Rolex & the US Open. Stay up-to-date with the latest Rolex news | Juwelier Wagner.","robots":{"index":"noindex","follow":"follow","max-snippet":"max-snippet:-1","max-image-preview":"max-image-preview:large","max-video-preview":"max-video-preview:-1"},"og_locale":"en_US","og_title":"Rolex &amp; the US Open | Juwelier Wagner","og_description":"Discover Rolex & the US Open. Stay up-to-date with the latest Rolex news | Juwelier Wagner.","og_url":"https:\/\/dev.juwelier-wagner.at\/en\/rolex\/rolex-the-us-open\/","og_site_name":"Juwelier Wagner","article_publisher":"https:\/\/facebook.com\/juwelierwagnervienna","article_modified_time":"2025-03-04T13:17:18+00:00","twitter_card":"summary_large_image","schema":{"@context":"https:\/\/schema.org","@graph":[{"@type":"WebPage","@id":"https:\/\/dev.juwelier-wagner.at\/en\/rolex\/rolex-the-us-open\/","url":"https:\/\/dev.juwelier-wagner.at\/en\/rolex\/rolex-the-us-open\/","name":"Rolex &amp; the US Open | Juwelier Wagner","isPartOf":{"@id":"https:\/\/dev.juwelier-wagner.at\/en\/#website"},"datePublished":"2024-11-05T11:41:55+00:00","dateModified":"2025-03-04T13:17:18+00:00","description":"Discover Rolex & the US Open. Stay up-to-date with the latest Rolex news | Juwelier Wagner.","breadcrumb":{"@id":"https:\/\/dev.juwelier-wagner.at\/en\/rolex\/rolex-the-us-open\/#breadcrumb"},"inLanguage":"en-US","potentialAction":[{"@type":"ReadAction","target":["https:\/\/dev.juwelier-wagner.at\/en\/rolex\/rolex-the-us-open\/"]}]},{"@type":"BreadcrumbList","@id":"https:\/\/dev.juwelier-wagner.at\/en\/rolex\/rolex-the-us-open\/#breadcrumb","itemListElement":[{"@type":"ListItem","position":1,"name":"Home","item":"https:\/\/dev.juwelier-wagner.at\/en\/"},{"@type":"ListItem","position":2,"name":"Rolex","item":"https:\/\/dev.juwelier-wagner.at\/en\/rolex\/"},{"@type":"ListItem","position":3,"name":"Rolex &amp; the US Open"}]},{"@type":"WebSite","@id":"https:\/\/dev.juwelier-wagner.at\/en\/#website","url":"https:\/\/dev.juwelier-wagner.at\/en\/","name":"Juwelier Wagner","description":"","potentialAction":[{"@type":"SearchAction","target":{"@type":"EntryPoint","urlTemplate":"https:\/\/dev.juwelier-wagner.at\/en\/?s={search_term_string}"},"query-input":{"@type":"PropertyValueSpecification","valueRequired":true,"valueName":"search_term_string"}}],"inLanguage":"en-US"}]}},"_links":{"self":[{"href":"https:\/\/dev.juwelier-wagner.at\/en\/wp-json\/wp\/v2\/pages\/244743","targetHints":{"allow":["GET"]}}],"collection":[{"href":"https:\/\/dev.juwelier-wagner.at\/en\/wp-json\/wp\/v2\/pages"}],"about":[{"href":"https:\/\/dev.juwelier-wagner.at\/en\/wp-json\/wp\/v2\/types\/page"}],"author":[{"embeddable":true,"href":"https:\/\/dev.juwelier-wagner.at\/en\/wp-json\/wp\/v2\/users\/8"}],"replies":[{"embeddable":true,"href":"https:\/\/dev.juwelier-wagner.at\/en\/wp-json\/wp\/v2\/comments?post=244743"}],"version-history":[{"count":9,"href":"https:\/\/dev.juwelier-wagner.at\/en\/wp-json\/wp\/v2\/pages\/244743\/revisions"}],"predecessor-version":[{"id":247160,"href":"https:\/\/dev.juwelier-wagner.at\/en\/wp-json\/wp\/v2\/pages\/244743\/revisions\/247160"}],"up":[{"embeddable":true,"href":"https:\/\/dev.juwelier-wagner.at\/en\/wp-json\/wp\/v2\/pages\/32280"}],"wp:attachment":[{"href":"https:\/\/dev.juwelier-wagner.at\/en\/wp-json\/wp\/v2\/media?parent=244743"}],"curies":[{"name":"wp","href":"https:\/\/api.w.org\/{rel}","templated":true}]}}