{"id":52077,"date":"2023-06-03T12:33:29","date_gmt":"2023-06-03T10:33:29","guid":{"rendered":"http:\/\/juwelier-wagner.local\/?page_id=52077"},"modified":"2024-12-16T14:39:27","modified_gmt":"2024-12-16T12:39:27","slug":"servicing","status":"publish","type":"page","link":"https:\/\/dev.juwelier-wagner.at\/en\/rolex\/servicing\/","title":{"rendered":"Servicing your Rolex"},"content":{"rendered":"<div class=\"\">\n  <div class=\"\">\n    <picture class=\"\">\n      <source media=\"(max-width: 767px)\" srcset=\"\/rolexv7-assets\/rolex-servicing-page-assets\/rolex-servicing-page-assets-portrait\/rolex-servicing-cover_sav_1910dh_001-portrait.jpg\" \/>\n      <source media=\"(min-width: 768px)\" srcset=\"\/rolexv7-assets\/rolex-servicing-page-assets\/rolex-servicing-page-assets-landscape\/rolex-servicing-cover_sav_1910dh_001-landscape.jpg\" \/>\n      <img decoding=\"async\" src=\"\/rolexv7-assets\/rolex-servicing-page-assets\/rolex-servicing-page-assets-landscape\/rolex-servicing-cover_sav_1910dh_001-landscape.jpg\" class=\"w-full h-auto\" alt=\"Wartung Ihrer Rolex - Juwelier Wagner\" \/>\n    <\/picture>\n  <\/div>\n<\/div>\n\n\n<div class=\"inline-block w-full\" style=\"background-color: #F9F7F4\">\n  <div class=\"acf-innerblocks-container\">\n<div class=\"my-rolex\">\n  <div class=\"rolex-grid\">\n    <div class=\"mb-5 rolex-v7-tablet:col-span-12 rolex-v7-mobile:col-span-6 rolex-v7-desktop:col-span-5 rolex-v7-desktop:mb-0\">\n              <h1 class=\"rolex-headline-50 text-rolex-brown\">Wartung und Reparatur Ihrer Rolex Uhr bei Juwelier Wagner<\/h1>\n          <\/div>\n    <div class=\"rolex-v7-tablet:col-span-12 rolex-v7-mobile:col-span-6 rolex-v7-desktop:col-span-5 rolex-v7-desktop:col-start-7\">\n      <div>\n                  <span class=\"rolex-body-20-bold\">Rolex setzt bei der Konstruktion und Fertigung seiner Armbanduhren auf Best\u00e4ndigkeit.<\/span>\n                          <span class=\"rolex-body-20-light\">Qualit\u00e4t ist daher das oberste Gebot in jeder Etappe der Entwicklung und der Fertigung einer Rolex Armbanduhr von der Konstruktion bis zum Verlassen der Produktion. Jede Armbanduhr mit der legend\u00e4ren Krone kann so ihre Funktionen vollumf\u00e4nglich ohne zeitliche Beschr\u00e4nkung erbringen und von Generation zu Generation weitergegeben werden \u2013 eine Uhr mit mehreren Leben.<\/span>\n        \n              <\/div>\n    <\/div>\n  <\/div>\n<\/div>\n\n<div class=\"my-rolex\">\n  <div class=\"rolex-grid\">\n    <picture class=\"col-span-12 rolex-v7-mobile:col-span-6\">\n      <source media=\"(max-width: 767px)\" srcset=\"\/rolexv7-assets\/rolex-servicing-page-assets\/rolex-servicing-page-assets-portrait\/rolex-servicing-xxxxx_7214_shoot_shop_geneva_retail_campaign_client_vendeur_pub_25_03_2019_sm_iso_01-portrait.jpg\" \/>\n      <source media=\"(min-width: 768px)\" srcset=\"\/rolexv7-assets\/rolex-servicing-page-assets\/rolex-servicing-page-assets-landscape\/rolex-servicing-xxxxx_7214_shoot_shop_geneva_retail_campaign_client_vendeur_pub_25_03_2019_sm_iso_01-landscape.jpg\" \/>\n      <img decoding=\"async\" src=\"\/rolexv7-assets\/rolex-servicing-page-assets\/rolex-servicing-page-assets-landscape\/rolex-servicing-xxxxx_7214_shoot_shop_geneva_retail_campaign_client_vendeur_pub_25_03_2019_sm_iso_01-landscape.jpg\" class=\"w-full h-auto\" alt=\"Vertrauen Sie unseren Experten\" \/>\n    <\/picture>\n  <\/div>\n<\/div>\n\n\n<div class=\"rolex-grid my-rolex\">\n  <div class=\"col-span-6 rolex-v7-tablet:col-span-8 rolex-v7-tablet:col-start-3 rolex-v7-desktop:col-start-4 rolex-v7-desktop:col-span-6\">\n          <div class=\"rolex-headline-50 text-rolex-brown\">Vertrauen Sie unseren Experten<\/div>\n              <div class=\"text-black rolex-body-20-light mt-5\">\n        Da zwischen zwei Wartungen viele Jahre liegen, verdient Ihre Armbanduhr gr\u00f6\u00dfte Aufmerksamkeit bis ins Detail. Sie k\u00f6nnen Ihre Rolex Armbanduhr bei Juwelier Wagner, einem offiziellen Rolex Fachh\u00e4ndler, zur Wartung abgeben. Mit der n\u00f6tigen Kenntnis, gro\u00dfer Kompetenz und technischem Fachwissen sind wir bestens darauf eingerichtet, Sie bei allen technischen Aspekten Ihrer Armbanduhr zu beraten.      <\/div>\n          <\/div>\n<\/div>\n<\/div>\n<\/div>\n\n\n<div class=\"inline-block w-full\" style=\"background-color: #f4efea\">\n  <div class=\"acf-innerblocks-container\">\n\n<div class=\"rolex-grid my-rolex\">\n  <div class=\"col-span-6 rolex-v7-tablet:col-span-8 rolex-v7-tablet:col-start-3 rolex-v7-desktop:col-start-4 rolex-v7-desktop:col-span-6\">\n          <div class=\"rolex-headline-50 text-rolex-brown\">Wartung Ihrer Rolex bei Juwelier Wagner<\/div>\n              <div class=\"text-black rolex-body-20-light mt-5\">\n        Uber Juwelier Wagner erreichen Sie das weltweite Netzwerk von Uhrmachern, die von Rolex ausgebildet worden sind. Wir befolgen das Rolex Wartungsverfahren, das sicherstellt, dass jeder Zeitmesser, der eine Rolex Werkstatt verl\u00e4sst, seine urspr\u00fcnglichen funktionellen und \u00e4sthetischen Merkmale aufweist.      <\/div>\n          <\/div>\n<\/div>\n\n<div class=\"my-rolex\">\n  <div class=\"rolex-grid\">\n    <picture class=\"col-span-10 rolex-v7-mobile:col-span-6 rolex-v7-desktop:col-start-2 rolex-v7-tablet:col-start-2\">\n      <source media=\"(max-width: 767px)\" srcset=\"\/rolexv7-assets\/rolex-servicing-page-assets\/rolex-servicing-page-assets-portrait\/rolex-servicing-2234_rolex-sav_retailers_104_estimation_ve\u0301rification_no_de_serie_boite_v5-portrait.jpg\" \/>\n      <source media=\"(min-width: 768px)\" srcset=\"\/rolexv7-assets\/rolex-servicing-page-assets\/rolex-servicing-page-assets-landscape\/rolex-servicing-2234_rolex-sav_retailers_104_estimation_ve\u0301rification_no_de_serie_boite_v5-landscape.jpg\" \/>\n      <img decoding=\"async\" src=\"\/rolexv7-assets\/rolex-servicing-page-assets\/rolex-servicing-page-assets-landscape\/rolex-servicing-2234_rolex-sav_retailers_104_estimation_ve\u0301rification_no_de_serie_boite_v5-landscape.jpg\" class=\"w-full h-auto\" alt=\"Wartung Ihrer Rolex bei Juwelier Wagner\" \/>\n    <\/picture>\n  <\/div>\n<\/div>\n<\/div>\n<\/div>\n\n\n<div class=\"inline-block w-full\" style=\"background-color: #F9F7F4\">\n  <div class=\"acf-innerblocks-container\">\n\n<div class=\"rolex-grid my-rolex\">\n  <div class=\"col-span-6 rolex-v7-tablet:col-span-8 rolex-v7-tablet:col-start-3 rolex-v7-desktop:col-start-4 rolex-v7-desktop:col-span-6\">\n          <div class=\"rolex-headline-50 text-rolex-brown\"><img decoding=\"async\" src=\"\/rolexv7-assets\/rolex-servicing-page-assets\/authorized-service-centre-plaque-de\/rolex-service-plaque-240x120_de.jpg\" style=\"max-width: 150px; margin-bottom: 20px;\" alt=\"Rolex Plaque (English Language)\"\/>\r\nIhr autorisiertes Servicezentrum<\/div>\n              <div class=\"text-black rolex-body-20-light mt-5\">\n        In unseren hochmodernen Servicezentren arbeiten nach strengen, von Rolex regelm\u00e4\u00dfig \u00fcber-pr\u00fcften Exzellenzkriterien ausgebildete Uhrmacher. Alle Wartungsma\u00dfnahmen f\u00fcr Rolex Armband-uhren \u2013 von der L\u00e4ngenanpassung eines Armbands bis hin zur umfassenden Wartung \u2013 k\u00f6nnen Juwelier Wagner anvertraut werden.      <\/div>\n          <\/div>\n<\/div>\n\n<div class=\"my-rolex\">\n  <div class=\"rolex-grid\">\n    <picture class=\"col-span-10 rolex-v7-mobile:col-span-6 rolex-v7-desktop:col-start-2 rolex-v7-tablet:col-start-2\">\n      <source media=\"(max-width: 767px)\" srcset=\"\/rolexv7-assets\/rolex-servicing-page-assets\/rolex-servicing-page-assets-portrait\/rolex-servicing-sav_barcelona_tousrolexboutique_2019gv_1124-portrait.jpg\" \/>\n      <source media=\"(min-width: 768px)\" srcset=\"\/rolexv7-assets\/rolex-servicing-page-assets\/rolex-servicing-page-assets-landscape\/rolex-servicing-sav_barcelona_tousrolexboutique_2019gv_1124-landscape.jpg\" \/>\n      <img decoding=\"async\" src=\"\/rolexv7-assets\/rolex-servicing-page-assets\/rolex-servicing-page-assets-landscape\/rolex-servicing-sav_barcelona_tousrolexboutique_2019gv_1124-landscape.jpg\" class=\"w-full h-auto\" alt=\"Ihr autorisiertes Servicezentrum\" \/>\n    <\/picture>\n  <\/div>\n<\/div>\n\n\n<div class=\"rolex-grid my-rolex\">\n  <div class=\"col-span-6 rolex-v7-tablet:col-span-8 rolex-v7-tablet:col-start-3 rolex-v7-desktop:col-start-4 rolex-v7-desktop:col-span-6\">\n          <div class=\"rolex-headline-50 text-rolex-brown\">Wartungsdienstleistung von Rolex<\/div>\n              <div class=\"text-black rolex-body-20-light mt-5\">\n        Der hohe Anspruch an die Qualit\u00e4t einer Wartungsdienstleistung von Rolex stellt sicher, dass jeder Zeitmesser, der unsere Werkst\u00e4tten verl\u00e4sst, seine urspr\u00fcnglichen funktionellen und \u00e4sthetischen Merkmale aufweist. Jedes Rolex Manufakturwerk wird einem Komplettservice unterzogen und so-wohl Geh\u00e4use als auch Armband werden mit \u00e4u\u00dferster Sorgfalt aufgefrischt, um den au\u00dferge-w\u00f6hnlichen Glanz wiederherzustellen. Die Ganggenauigkeit und die Wasserdichtheit aller Modelle werden nach strengsten Kriterien gepr\u00fcft, um die Qualit\u00e4t und die Zuverl\u00e4ssigkeit zu garantieren, die Sie von einer Rolex Armbanduhr erwarten d\u00fcrfen.      <\/div>\n              <div class=\"mt-5\">\n                  <a href=\"\/rolex\/rolex-wartungsverfahren\/\" class=\"rolex-cta--primary\">Learn more<\/a>\n              <\/div>\n      <\/div>\n<\/div>\n<\/div>\n<\/div>\n\n<div class=\"\">\n  <div class=\"\">\n    <picture class=\"\">\n      <source media=\"(max-width: 767px)\" srcset=\"\/rolexv7-assets\/rolex-servicing-page-assets\/rolex-servicing-page-assets-portrait\/rolex-servicing-2301_rolex_sav_retailers_175_controle-final_fermoir_v2-portrait.jpg\" \/>\n      <source media=\"(min-width: 768px)\" srcset=\"\/rolexv7-assets\/rolex-servicing-page-assets\/rolex-servicing-page-assets-landscape\/rolex-servicing-2301_rolex_sav_retailers_175_controle-final_fermoir_v2-landscape.jpg\" \/>\n      <img decoding=\"async\" src=\"\/rolexv7-assets\/rolex-servicing-page-assets\/rolex-servicing-page-assets-landscape\/rolex-servicing-2301_rolex_sav_retailers_175_controle-final_fermoir_v2-landscape.jpg\" class=\"w-full h-auto\" alt=\"Wartungsdienstleistung von Rolex\" \/>\n    <\/picture>\n  <\/div>\n<\/div>\n\n\n<div class=\"inline-block w-full\" style=\"background-color: #F9F7F4\">\n  <div class=\"acf-innerblocks-container\">\n\n<div class=\"rolex-grid my-rolex\">\n  <div class=\"col-span-6 rolex-v7-tablet:col-span-8 rolex-v7-tablet:col-start-3 rolex-v7-desktop:col-start-4 rolex-v7-desktop:col-span-6\">\n          <div class=\"rolex-headline-50 text-rolex-brown\">Zweij\u00e4hrige Servicegarantie<\/div>\n              <div class=\"text-black rolex-body-20-light mt-5\">\n        Nach einem Komplettservice verf\u00fcgt Ihre Rolex \u00fcber eine zweij\u00e4hrige Servicegarantie. Von dieser Garantie ausgeschlossen sind Verschlei\u00dferscheinungen und Besch\u00e4digungen, die auf einen Un-fall oder unsachgem\u00e4\u00dfe Behandlung der Rolex Armbanduhr zur\u00fcckzuf\u00fchren sind. Bei Eingriffen durch nicht autorisierte Dritte sowie bei Hinzuf\u00fcgen von Ersatzteilen, die nicht Originalersatzteile von Rolex sind, verf\u00e4llt die Servicegarantie.      <\/div>\n          <\/div>\n<\/div>\n\n<div class=\"my-rolex\">\n  <div class=\"rolex-grid\">\n    <picture class=\"col-span-10 rolex-v7-mobile:col-span-6 rolex-v7-desktop:col-start-2 rolex-v7-tablet:col-start-2\">\n      <source media=\"(max-width: 767px)\" srcset=\"\/rolexv7-assets\/rolex-servicing-page-assets\/rolex-servicing-page-assets-portrait\/rolex-servicing-rolex_service_card_front_v2-portrait.jpg\" \/>\n      <source media=\"(min-width: 768px)\" srcset=\"\/rolexv7-assets\/rolex-servicing-page-assets\/rolex-servicing-page-assets-landscape\/rolex-servicing-rolex_service_card_front_v2-landscape.jpg\" \/>\n      <img decoding=\"async\" src=\"\/rolexv7-assets\/rolex-servicing-page-assets\/rolex-servicing-page-assets-landscape\/rolex-servicing-rolex_service_card_front_v2-landscape.jpg\" class=\"w-full h-auto\" alt=\"Zweij\u00e4hrige Servicegarantie\" \/>\n    <\/picture>\n  <\/div>\n<\/div>\n<\/div>\n<\/div>\n\n<div class=\"\">\n  <div class=\"\">\n    <picture class=\"\">\n      <source media=\"(max-width: 767px)\" srcset=\"\/rolexv7-assets\/rolex-servicing-page-assets\/rolex-servicing-page-assets-portrait\/rolex-servicing-sav_1910dh_005-portrait.jpg\" \/>\n      <source media=\"(min-width: 768px)\" srcset=\"\/rolexv7-assets\/rolex-servicing-page-assets\/rolex-servicing-page-assets-landscape\/rolex-servicing-sav_1910dh_005-landscape.jpg\" \/>\n      <img decoding=\"async\" src=\"\/rolexv7-assets\/rolex-servicing-page-assets\/rolex-servicing-page-assets-landscape\/rolex-servicing-sav_1910dh_005-landscape.jpg\" class=\"w-full h-auto\" alt=\"Zweij\u00e4hrige Servicegarantie\" \/>\n    <\/picture>\n  <\/div>\n<\/div>","protected":false},"excerpt":{"rendered":"","protected":false},"author":1,"featured_media":0,"parent":32280,"menu_order":0,"comment_status":"closed","ping_status":"closed","template":"page-templates\/rolex-v7-static-page.php","meta":{"footnotes":""},"class_list":["post-52077","page","type-page","status-publish","hentry"],"acf":[],"yoast_head":"<!-- This site is optimized with the Yoast SEO plugin v24.1 - https:\/\/yoast.com\/wordpress\/plugins\/seo\/ -->\n<title>Servicing your Rolex | Juwelier Wagner<\/title>\n<meta name=\"description\" content=\"Juwelier Wagner is proud to be part of the Official Rolex Retailers network of trained watchmakers. You can entrust us with every type of servicing operation.\" \/>\n<meta name=\"robots\" content=\"noindex, follow, max-snippet:-1, max-image-preview:large, max-video-preview:-1\" \/>\n<meta property=\"og:locale\" content=\"en_US\" \/>\n<meta property=\"og:title\" content=\"Servicing your Rolex | Juwelier Wagner\" \/>\n<meta property=\"og:description\" content=\"Juwelier Wagner is proud to be part of the Official Rolex Retailers network of trained watchmakers. You can entrust us with every type of servicing operation.\" \/>\n<meta property=\"og:url\" content=\"https:\/\/dev.juwelier-wagner.at\/en\/rolex\/servicing\/\" \/>\n<meta property=\"og:site_name\" content=\"Juwelier Wagner\" \/>\n<meta property=\"article:publisher\" content=\"https:\/\/facebook.com\/juwelierwagnervienna\" \/>\n<meta property=\"article:modified_time\" content=\"2024-12-16T12:39:27+00:00\" \/>\n<meta name=\"twitter:card\" content=\"summary_large_image\" \/>\n<script type=\"application\/ld+json\" class=\"yoast-schema-graph\">{\"@context\":\"https:\/\/schema.org\",\"@graph\":[{\"@type\":\"WebPage\",\"@id\":\"https:\/\/dev.juwelier-wagner.at\/en\/rolex\/servicing\/\",\"url\":\"https:\/\/dev.juwelier-wagner.at\/en\/rolex\/servicing\/\",\"name\":\"Servicing your Rolex | Juwelier Wagner\",\"isPartOf\":{\"@id\":\"https:\/\/dev.juwelier-wagner.at\/en\/#website\"},\"datePublished\":\"2023-06-03T10:33:29+00:00\",\"dateModified\":\"2024-12-16T12:39:27+00:00\",\"description\":\"Juwelier Wagner is proud to be part of the Official Rolex Retailers network of trained watchmakers. You can entrust us with every type of servicing operation.\",\"breadcrumb\":{\"@id\":\"https:\/\/dev.juwelier-wagner.at\/en\/rolex\/servicing\/#breadcrumb\"},\"inLanguage\":\"en-US\",\"potentialAction\":[{\"@type\":\"ReadAction\",\"target\":[\"https:\/\/dev.juwelier-wagner.at\/en\/rolex\/servicing\/\"]}]},{\"@type\":\"BreadcrumbList\",\"@id\":\"https:\/\/dev.juwelier-wagner.at\/en\/rolex\/servicing\/#breadcrumb\",\"itemListElement\":[{\"@type\":\"ListItem\",\"position\":1,\"name\":\"Home\",\"item\":\"https:\/\/dev.juwelier-wagner.at\/en\/\"},{\"@type\":\"ListItem\",\"position\":2,\"name\":\"Rolex\",\"item\":\"https:\/\/dev.juwelier-wagner.at\/en\/rolex\/\"},{\"@type\":\"ListItem\",\"position\":3,\"name\":\"Servicing your Rolex\"}]},{\"@type\":\"WebSite\",\"@id\":\"https:\/\/dev.juwelier-wagner.at\/en\/#website\",\"url\":\"https:\/\/dev.juwelier-wagner.at\/en\/\",\"name\":\"Juwelier Wagner\",\"description\":\"\",\"potentialAction\":[{\"@type\":\"SearchAction\",\"target\":{\"@type\":\"EntryPoint\",\"urlTemplate\":\"https:\/\/dev.juwelier-wagner.at\/en\/?s={search_term_string}\"},\"query-input\":{\"@type\":\"PropertyValueSpecification\",\"valueRequired\":true,\"valueName\":\"search_term_string\"}}],\"inLanguage\":\"en-US\"}]}<\/script>\n<!-- \/ Yoast SEO plugin. -->","yoast_head_json":{"title":"Servicing your Rolex | Juwelier Wagner","description":"Juwelier Wagner is proud to be part of the Official Rolex Retailers network of trained watchmakers. You can entrust us with every type of servicing operation.","robots":{"index":"noindex","follow":"follow","max-snippet":"max-snippet:-1","max-image-preview":"max-image-preview:large","max-video-preview":"max-video-preview:-1"},"og_locale":"en_US","og_title":"Servicing your Rolex | Juwelier Wagner","og_description":"Juwelier Wagner is proud to be part of the Official Rolex Retailers network of trained watchmakers. You can entrust us with every type of servicing operation.","og_url":"https:\/\/dev.juwelier-wagner.at\/en\/rolex\/servicing\/","og_site_name":"Juwelier Wagner","article_publisher":"https:\/\/facebook.com\/juwelierwagnervienna","article_modified_time":"2024-12-16T12:39:27+00:00","twitter_card":"summary_large_image","schema":{"@context":"https:\/\/schema.org","@graph":[{"@type":"WebPage","@id":"https:\/\/dev.juwelier-wagner.at\/en\/rolex\/servicing\/","url":"https:\/\/dev.juwelier-wagner.at\/en\/rolex\/servicing\/","name":"Servicing your Rolex | Juwelier Wagner","isPartOf":{"@id":"https:\/\/dev.juwelier-wagner.at\/en\/#website"},"datePublished":"2023-06-03T10:33:29+00:00","dateModified":"2024-12-16T12:39:27+00:00","description":"Juwelier Wagner is proud to be part of the Official Rolex Retailers network of trained watchmakers. You can entrust us with every type of servicing operation.","breadcrumb":{"@id":"https:\/\/dev.juwelier-wagner.at\/en\/rolex\/servicing\/#breadcrumb"},"inLanguage":"en-US","potentialAction":[{"@type":"ReadAction","target":["https:\/\/dev.juwelier-wagner.at\/en\/rolex\/servicing\/"]}]},{"@type":"BreadcrumbList","@id":"https:\/\/dev.juwelier-wagner.at\/en\/rolex\/servicing\/#breadcrumb","itemListElement":[{"@type":"ListItem","position":1,"name":"Home","item":"https:\/\/dev.juwelier-wagner.at\/en\/"},{"@type":"ListItem","position":2,"name":"Rolex","item":"https:\/\/dev.juwelier-wagner.at\/en\/rolex\/"},{"@type":"ListItem","position":3,"name":"Servicing your Rolex"}]},{"@type":"WebSite","@id":"https:\/\/dev.juwelier-wagner.at\/en\/#website","url":"https:\/\/dev.juwelier-wagner.at\/en\/","name":"Juwelier Wagner","description":"","potentialAction":[{"@type":"SearchAction","target":{"@type":"EntryPoint","urlTemplate":"https:\/\/dev.juwelier-wagner.at\/en\/?s={search_term_string}"},"query-input":{"@type":"PropertyValueSpecification","valueRequired":true,"valueName":"search_term_string"}}],"inLanguage":"en-US"}]}},"_links":{"self":[{"href":"https:\/\/dev.juwelier-wagner.at\/en\/wp-json\/wp\/v2\/pages\/52077","targetHints":{"allow":["GET"]}}],"collection":[{"href":"https:\/\/dev.juwelier-wagner.at\/en\/wp-json\/wp\/v2\/pages"}],"about":[{"href":"https:\/\/dev.juwelier-wagner.at\/en\/wp-json\/wp\/v2\/types\/page"}],"author":[{"embeddable":true,"href":"https:\/\/dev.juwelier-wagner.at\/en\/wp-json\/wp\/v2\/users\/1"}],"replies":[{"embeddable":true,"href":"https:\/\/dev.juwelier-wagner.at\/en\/wp-json\/wp\/v2\/comments?post=52077"}],"version-history":[{"count":18,"href":"https:\/\/dev.juwelier-wagner.at\/en\/wp-json\/wp\/v2\/pages\/52077\/revisions"}],"predecessor-version":[{"id":245678,"href":"https:\/\/dev.juwelier-wagner.at\/en\/wp-json\/wp\/v2\/pages\/52077\/revisions\/245678"}],"up":[{"embeddable":true,"href":"https:\/\/dev.juwelier-wagner.at\/en\/wp-json\/wp\/v2\/pages\/32280"}],"wp:attachment":[{"href":"https:\/\/dev.juwelier-wagner.at\/en\/wp-json\/wp\/v2\/media?parent=52077"}],"curies":[{"name":"wp","href":"https:\/\/api.w.org\/{rel}","templated":true}]}}